{"id":10646,"date":"2025-03-06T17:55:48","date_gmt":"2025-03-06T16:55:48","guid":{"rendered":"https:\/\/lovelylinenshop.eu\/produkt\/bawelniana-poszewka-dekoracyjna-na-poduszke-lovely\/"},"modified":"2025-06-18T13:53:46","modified_gmt":"2025-06-18T11:53:46","slug":"wave-cushion-cover","status":"publish","type":"product","link":"https:\/\/lovelylinenshop.eu\/en\/produkt\/wave-cushion-cover\/","title":{"rendered":"WAVE CUSHION COVER"},"content":{"rendered":"<p>Poszewka na poduszk\u0119 wykonana jest z wysokiej jako\u015bci bawe\u0142ny, co gwarantuje mi\u0119kko\u015b\u0107 i komfort. Idealna do salonu, sypialni czy czytelni, \u0142\u0105czy w sobie funkcjonalno\u015b\u0107 z dekoracyjnym charakterem. Jej trwa\u0142a tkanina jest \u0142atwa w piel\u0119gnacji i zapewnia d\u0142ugotrwa\u0142y kolor oraz form\u0119, nawet po wielokrotnym praniu.<\/p>\n","protected":false},"excerpt":{"rendered":"<p>A cotton pillowcase that adds charm to any room.<\/p>\n","protected":false},"featured_media":7165,"template":"","meta":{"_acf_changed":false},"product_brand":[],"product_cat":[218,427,220,221],"product_tag":[],"kolekcja":[292],"class_list":{"0":"post-10646","1":"product","2":"type-product","3":"status-publish","4":"has-post-thumbnail","6":"product_cat-bedroom","7":"product_cat-living-room","8":"product_cat-pillowcases","9":"product_cat-pillowcases-en","10":"kolekcja-lovely-collection","12":"first","13":"instock","14":"taxable","15":"shipping-taxable","16":"purchasable","17":"product-type-variable","18":"has-default-attributes"},"acf":[],"yoast_head":"<!-- This site is optimized with the Yoast SEO plugin v25.3 - https:\/\/yoast.com\/wordpress\/plugins\/seo\/ -->\n<title>WAVE CUSHION COVER - Lovely Linen<\/title>\n<meta name=\"robots\" content=\"index, follow, max-snippet:-1, max-image-preview:large, max-video-preview:-1\" \/>\n<link rel=\"canonical\" href=\"https:\/\/lovelylinenshop.eu\/produkt\/bawelniana-poszewka-dekoracyjna-na-poduszke-lovely\/\" \/>\n<meta property=\"og:locale\" content=\"en_US\" \/>\n<meta property=\"og:type\" content=\"article\" \/>\n<meta property=\"og:title\" content=\"WAVE CUSHION COVER - Lovely Linen\" \/>\n<meta property=\"og:description\" content=\"A cotton pillowcase that adds charm to any room.\" \/>\n<meta property=\"og:url\" content=\"https:\/\/lovelylinenshop.eu\/produkt\/bawelniana-poszewka-dekoracyjna-na-poduszke-lovely\/\" \/>\n<meta property=\"og:site_name\" content=\"Lovely Linen\" \/>\n<meta property=\"article:modified_time\" content=\"2025-06-18T11:53:46+00:00\" \/>\n<meta property=\"og:image\" content=\"https:\/\/lovelylinenshop.eu\/wp-content\/uploads\/2025\/03\/PCC99-2.jpg\" \/>\n\t<meta property=\"og:image:width\" content=\"683\" \/>\n\t<meta property=\"og:image:height\" content=\"690\" \/>\n\t<meta property=\"og:image:type\" content=\"image\/jpeg\" \/>\n<meta name=\"twitter:card\" content=\"summary_large_image\" \/>\n<script type=\"application\/ld+json\" class=\"yoast-schema-graph\">{\"@context\":\"https:\/\/schema.org\",\"@graph\":[{\"@type\":\"WebPage\",\"@id\":\"https:\/\/lovelylinenshop.eu\/produkt\/bawelniana-poszewka-dekoracyjna-na-poduszke-lovely\/\",\"url\":\"https:\/\/lovelylinenshop.eu\/produkt\/bawelniana-poszewka-dekoracyjna-na-poduszke-lovely\/\",\"name\":\"WAVE CUSHION COVER - Lovely Linen\",\"isPartOf\":{\"@id\":\"https:\/\/lovelylinenshop.eu\/en\/#website\"},\"primaryImageOfPage\":{\"@id\":\"https:\/\/lovelylinenshop.eu\/produkt\/bawelniana-poszewka-dekoracyjna-na-poduszke-lovely\/#primaryimage\"},\"image\":{\"@id\":\"https:\/\/lovelylinenshop.eu\/produkt\/bawelniana-poszewka-dekoracyjna-na-poduszke-lovely\/#primaryimage\"},\"thumbnailUrl\":\"https:\/\/lovelylinenshop.eu\/wp-content\/uploads\/2025\/03\/PCC99-2.jpg\",\"datePublished\":\"2025-03-06T16:55:48+00:00\",\"dateModified\":\"2025-06-18T11:53:46+00:00\",\"breadcrumb\":{\"@id\":\"https:\/\/lovelylinenshop.eu\/produkt\/bawelniana-poszewka-dekoracyjna-na-poduszke-lovely\/#breadcrumb\"},\"inLanguage\":\"en-US\",\"potentialAction\":[{\"@type\":\"ReadAction\",\"target\":[\"https:\/\/lovelylinenshop.eu\/produkt\/bawelniana-poszewka-dekoracyjna-na-poduszke-lovely\/\"]}]},{\"@type\":\"ImageObject\",\"inLanguage\":\"en-US\",\"@id\":\"https:\/\/lovelylinenshop.eu\/produkt\/bawelniana-poszewka-dekoracyjna-na-poduszke-lovely\/#primaryimage\",\"url\":\"https:\/\/lovelylinenshop.eu\/wp-content\/uploads\/2025\/03\/PCC99-2.jpg\",\"contentUrl\":\"https:\/\/lovelylinenshop.eu\/wp-content\/uploads\/2025\/03\/PCC99-2.jpg\",\"width\":683,\"height\":690},{\"@type\":\"BreadcrumbList\",\"@id\":\"https:\/\/lovelylinenshop.eu\/produkt\/bawelniana-poszewka-dekoracyjna-na-poduszke-lovely\/#breadcrumb\",\"itemListElement\":[{\"@type\":\"ListItem\",\"position\":1,\"name\":\"Strona g\u0142\u00f3wna\",\"item\":\"https:\/\/lovelylinenshop.eu\/en\/\"},{\"@type\":\"ListItem\",\"position\":2,\"name\":\"Sklep\",\"item\":\"https:\/\/lovelylinenshop.eu\/sklep\/\"},{\"@type\":\"ListItem\",\"position\":3,\"name\":\"WAVE CUSHION COVER\"}]},{\"@type\":\"WebSite\",\"@id\":\"https:\/\/lovelylinenshop.eu\/en\/#website\",\"url\":\"https:\/\/lovelylinenshop.eu\/en\/\",\"name\":\"Lovely Linen\",\"description\":\"Otul si\u0119 lnem.\",\"potentialAction\":[{\"@type\":\"SearchAction\",\"target\":{\"@type\":\"EntryPoint\",\"urlTemplate\":\"https:\/\/lovelylinenshop.eu\/en\/?s={search_term_string}\"},\"query-input\":{\"@type\":\"PropertyValueSpecification\",\"valueRequired\":true,\"valueName\":\"search_term_string\"}}],\"inLanguage\":\"en-US\"}]}<\/script>\n<!-- \/ Yoast SEO plugin. -->","yoast_head_json":{"title":"WAVE CUSHION COVER - Lovely Linen","robots":{"index":"index","follow":"follow","max-snippet":"max-snippet:-1","max-image-preview":"max-image-preview:large","max-video-preview":"max-video-preview:-1"},"canonical":"https:\/\/lovelylinenshop.eu\/produkt\/bawelniana-poszewka-dekoracyjna-na-poduszke-lovely\/","og_locale":"en_US","og_type":"article","og_title":"WAVE CUSHION COVER - Lovely Linen","og_description":"A cotton pillowcase that adds charm to any room.","og_url":"https:\/\/lovelylinenshop.eu\/produkt\/bawelniana-poszewka-dekoracyjna-na-poduszke-lovely\/","og_site_name":"Lovely Linen","article_modified_time":"2025-06-18T11:53:46+00:00","og_image":[{"width":683,"height":690,"url":"https:\/\/lovelylinenshop.eu\/wp-content\/uploads\/2025\/03\/PCC99-2.jpg","type":"image\/jpeg"}],"twitter_card":"summary_large_image","schema":{"@context":"https:\/\/schema.org","@graph":[{"@type":"WebPage","@id":"https:\/\/lovelylinenshop.eu\/produkt\/bawelniana-poszewka-dekoracyjna-na-poduszke-lovely\/","url":"https:\/\/lovelylinenshop.eu\/produkt\/bawelniana-poszewka-dekoracyjna-na-poduszke-lovely\/","name":"WAVE CUSHION COVER - Lovely Linen","isPartOf":{"@id":"https:\/\/lovelylinenshop.eu\/en\/#website"},"primaryImageOfPage":{"@id":"https:\/\/lovelylinenshop.eu\/produkt\/bawelniana-poszewka-dekoracyjna-na-poduszke-lovely\/#primaryimage"},"image":{"@id":"https:\/\/lovelylinenshop.eu\/produkt\/bawelniana-poszewka-dekoracyjna-na-poduszke-lovely\/#primaryimage"},"thumbnailUrl":"https:\/\/lovelylinenshop.eu\/wp-content\/uploads\/2025\/03\/PCC99-2.jpg","datePublished":"2025-03-06T16:55:48+00:00","dateModified":"2025-06-18T11:53:46+00:00","breadcrumb":{"@id":"https:\/\/lovelylinenshop.eu\/produkt\/bawelniana-poszewka-dekoracyjna-na-poduszke-lovely\/#breadcrumb"},"inLanguage":"en-US","potentialAction":[{"@type":"ReadAction","target":["https:\/\/lovelylinenshop.eu\/produkt\/bawelniana-poszewka-dekoracyjna-na-poduszke-lovely\/"]}]},{"@type":"ImageObject","inLanguage":"en-US","@id":"https:\/\/lovelylinenshop.eu\/produkt\/bawelniana-poszewka-dekoracyjna-na-poduszke-lovely\/#primaryimage","url":"https:\/\/lovelylinenshop.eu\/wp-content\/uploads\/2025\/03\/PCC99-2.jpg","contentUrl":"https:\/\/lovelylinenshop.eu\/wp-content\/uploads\/2025\/03\/PCC99-2.jpg","width":683,"height":690},{"@type":"BreadcrumbList","@id":"https:\/\/lovelylinenshop.eu\/produkt\/bawelniana-poszewka-dekoracyjna-na-poduszke-lovely\/#breadcrumb","itemListElement":[{"@type":"ListItem","position":1,"name":"Strona g\u0142\u00f3wna","item":"https:\/\/lovelylinenshop.eu\/en\/"},{"@type":"ListItem","position":2,"name":"Sklep","item":"https:\/\/lovelylinenshop.eu\/sklep\/"},{"@type":"ListItem","position":3,"name":"WAVE CUSHION COVER"}]},{"@type":"WebSite","@id":"https:\/\/lovelylinenshop.eu\/en\/#website","url":"https:\/\/lovelylinenshop.eu\/en\/","name":"Lovely Linen","description":"Otul si\u0119 lnem.","potentialAction":[{"@type":"SearchAction","target":{"@type":"EntryPoint","urlTemplate":"https:\/\/lovelylinenshop.eu\/en\/?s={search_term_string}"},"query-input":{"@type":"PropertyValueSpecification","valueRequired":true,"valueName":"search_term_string"}}],"inLanguage":"en-US"}]}},"_links":{"self":[{"href":"https:\/\/lovelylinenshop.eu\/en\/wp-json\/wp\/v2\/product\/10646","targetHints":{"allow":["GET"]}}],"collection":[{"href":"https:\/\/lovelylinenshop.eu\/en\/wp-json\/wp\/v2\/product"}],"about":[{"href":"https:\/\/lovelylinenshop.eu\/en\/wp-json\/wp\/v2\/types\/product"}],"wp:featuredmedia":[{"embeddable":true,"href":"https:\/\/lovelylinenshop.eu\/en\/wp-json\/wp\/v2\/media\/7165"}],"wp:attachment":[{"href":"https:\/\/lovelylinenshop.eu\/en\/wp-json\/wp\/v2\/media?parent=10646"}],"wp:term":[{"taxonomy":"product_brand","embeddable":true,"href":"https:\/\/lovelylinenshop.eu\/en\/wp-json\/wp\/v2\/product_brand?post=10646"},{"taxonomy":"product_cat","embeddable":true,"href":"https:\/\/lovelylinenshop.eu\/en\/wp-json\/wp\/v2\/product_cat?post=10646"},{"taxonomy":"product_tag","embeddable":true,"href":"https:\/\/lovelylinenshop.eu\/en\/wp-json\/wp\/v2\/product_tag?post=10646"},{"taxonomy":"kolekcja","embeddable":true,"href":"https:\/\/lovelylinenshop.eu\/en\/wp-json\/wp\/v2\/kolekcja?post=10646"}],"curies":[{"name":"wp","href":"https:\/\/api.w.org\/{rel}","templated":true}]}}